{"id":8,"date":"2024-01-16T13:18:04","date_gmt":"2024-01-16T13:18:04","guid":{"rendered":"https:\/\/inselfuchs.de\/?page_id=8"},"modified":"2024-05-03T13:32:43","modified_gmt":"2024-05-03T13:32:43","slug":"inselfuchs","status":"publish","type":"page","link":"https:\/\/inselfuchs.de\/","title":{"rendered":"Inselfuchs"},"content":{"rendered":"\n<div class=\"wp-block-group alignfull relative has-global-padding is-layout-constrained wp-container-core-group-is-layout-7db9d80f wp-block-group-is-layout-constrained\" style=\"padding-right:0;padding-left:0\">\n<div class=\"wp-block-group alignfull off_absolute top-20 w-full has-global-padding is-layout-constrained wp-container-core-group-is-layout-b13d32f8 wp-block-group-is-layout-constrained\" style=\"padding-right:var(--wp--preset--spacing--10);padding-left:var(--wp--preset--spacing--10)\">\n<div style=\"height:24px\" aria-hidden=\"true\" class=\"wp-block-spacer\"><\/div>\n\n\n\n<figure class=\"wp-block-image aligncenter size-full is-resized\"><a href=\"https:\/\/inselfuchs.de\/\"><img loading=\"lazy\" decoding=\"async\" width=\"1181\" height=\"495\" src=\"https:\/\/inselfuchs.de\/wp-content\/uploads\/2024\/02\/name_schwanz_crop.gif\" alt=\"\" class=\"wp-image-60\" style=\"width:600px\"\/><\/a><\/figure>\n\n\n\n<figure class=\"wp-block-image aligncenter size-full max-w-screen-sm-important\"><img loading=\"lazy\" decoding=\"async\" width=\"1007\" height=\"266\" src=\"https:\/\/inselfuchs.de\/wp-content\/uploads\/2024\/02\/kinderkurzfilm_und_erlebnis_app@1x.png\" alt=\"\" class=\"wp-image-51\" srcset=\"https:\/\/inselfuchs.de\/wp-content\/uploads\/2024\/02\/kinderkurzfilm_und_erlebnis_app@1x.png 1007w, https:\/\/inselfuchs.de\/wp-content\/uploads\/2024\/02\/kinderkurzfilm_und_erlebnis_app@1x-300x79.png 300w, https:\/\/inselfuchs.de\/wp-content\/uploads\/2024\/02\/kinderkurzfilm_und_erlebnis_app@1x-768x203.png 768w\" sizes=\"auto, (max-width: 1007px) 100vw, 1007px\" \/><\/figure>\n\n\n\n<div style=\"height:24px\" aria-hidden=\"true\" class=\"wp-block-spacer\"><\/div>\n\n\n\n<div class=\"wp-block-columns is-layout-flex wp-container-core-columns-is-layout-28f84493 wp-block-columns-is-layout-flex\">\n<div class=\"wp-block-column is-layout-flow wp-block-column-is-layout-flow\">\n<figure class=\"wp-block-image size-large appbutton rounded-lg hidden lg:block\"><a href=\"https:\/\/vimeo.com\/883252684\" target=\"_blank\" rel=\"noreferrer noopener\"><img loading=\"lazy\" decoding=\"async\" width=\"1024\" height=\"465\" src=\"https:\/\/inselfuchs.de\/wp-content\/uploads\/2024\/02\/button_vimeo_large@2x-1024x465.jpg\" alt=\"\" class=\"wp-image-92\" srcset=\"https:\/\/inselfuchs.de\/wp-content\/uploads\/2024\/02\/button_vimeo_large@2x-1024x465.jpg 1024w, https:\/\/inselfuchs.de\/wp-content\/uploads\/2024\/02\/button_vimeo_large@2x-300x136.jpg 300w, https:\/\/inselfuchs.de\/wp-content\/uploads\/2024\/02\/button_vimeo_large@2x-768x349.jpg 768w, https:\/\/inselfuchs.de\/wp-content\/uploads\/2024\/02\/button_vimeo_large@2x-1536x698.jpg 1536w, https:\/\/inselfuchs.de\/wp-content\/uploads\/2024\/02\/button_vimeo_large@2x.jpg 1686w\" sizes=\"auto, (max-width: 1024px) 100vw, 1024px\" \/><\/a><\/figure>\n\n\n\n<figure class=\"wp-block-image size-full appbutton appbutton-mobile rounded-lg lg:hidden\"><a href=\"https:\/\/vimeo.com\/883252684\" target=\"_blank\" rel=\"noreferrer noopener\"><img loading=\"lazy\" decoding=\"async\" width=\"766\" height=\"766\" src=\"https:\/\/inselfuchs.de\/wp-content\/uploads\/2024\/02\/button_vimeo_small@2x.jpg\" alt=\"\" class=\"wp-image-93\" srcset=\"https:\/\/inselfuchs.de\/wp-content\/uploads\/2024\/02\/button_vimeo_small@2x.jpg 766w, https:\/\/inselfuchs.de\/wp-content\/uploads\/2024\/02\/button_vimeo_small@2x-300x300.jpg 300w, https:\/\/inselfuchs.de\/wp-content\/uploads\/2024\/02\/button_vimeo_small@2x-150x150.jpg 150w\" sizes=\"auto, (max-width: 766px) 100vw, 766px\" \/><\/a><\/figure>\n<\/div>\n\n\n\n<div class=\"wp-block-column is-layout-flow wp-block-column-is-layout-flow\">\n<figure class=\"wp-block-image size-large appbutton rounded-lg hidden lg:block\"><a href=\"https:\/\/play.google.com\/store\/apps\/details?id=com.blendFX.Inselfuchs\" target=\"_blank\" rel=\"noreferrer noopener\"><img loading=\"lazy\" decoding=\"async\" width=\"1024\" height=\"465\" src=\"https:\/\/inselfuchs.de\/wp-content\/uploads\/2024\/02\/button_playstore_large@2x-1024x465.jpg\" alt=\"\" class=\"wp-image-90\" srcset=\"https:\/\/inselfuchs.de\/wp-content\/uploads\/2024\/02\/button_playstore_large@2x-1024x465.jpg 1024w, https:\/\/inselfuchs.de\/wp-content\/uploads\/2024\/02\/button_playstore_large@2x-300x136.jpg 300w, https:\/\/inselfuchs.de\/wp-content\/uploads\/2024\/02\/button_playstore_large@2x-768x349.jpg 768w, https:\/\/inselfuchs.de\/wp-content\/uploads\/2024\/02\/button_playstore_large@2x-1536x698.jpg 1536w, https:\/\/inselfuchs.de\/wp-content\/uploads\/2024\/02\/button_playstore_large@2x.jpg 1686w\" sizes=\"auto, (max-width: 1024px) 100vw, 1024px\" \/><\/a><\/figure>\n\n\n\n<figure class=\"wp-block-image size-full appbutton appbutton-mobile rounded-lg lg:hidden\"><a href=\"https:\/\/play.google.com\/store\/apps\/details?id=com.blendFX.Inselfuchs\" target=\"_blank\" rel=\"noreferrer noopener\"><img loading=\"lazy\" decoding=\"async\" width=\"768\" height=\"766\" src=\"https:\/\/inselfuchs.de\/wp-content\/uploads\/2024\/02\/button_playstore_small@2x.jpg\" alt=\"\" class=\"wp-image-91\" srcset=\"https:\/\/inselfuchs.de\/wp-content\/uploads\/2024\/02\/button_playstore_small@2x.jpg 768w, https:\/\/inselfuchs.de\/wp-content\/uploads\/2024\/02\/button_playstore_small@2x-300x300.jpg 300w, https:\/\/inselfuchs.de\/wp-content\/uploads\/2024\/02\/button_playstore_small@2x-150x150.jpg 150w\" sizes=\"auto, (max-width: 768px) 100vw, 768px\" \/><\/a><\/figure>\n<\/div>\n<\/div>\n\n\n\n<div style=\"height:106px\" aria-hidden=\"true\" class=\"wp-block-spacer\"><\/div>\n<\/div>\n\n\n\n<figure class=\"wp-block-image alignfull size-full has-custom-border w-full is-style-default m-0 p-0 min-h-1000 hidden\"><img loading=\"lazy\" decoding=\"async\" width=\"1918\" height=\"1362\" src=\"https:\/\/inselfuchs.de\/wp-content\/uploads\/2024\/02\/inselfuchs_upper@1x.jpg\" alt=\"\" class=\"wp-image-34\" style=\"border-radius:0px\" srcset=\"https:\/\/inselfuchs.de\/wp-content\/uploads\/2024\/02\/inselfuchs_upper@1x.jpg 1918w, https:\/\/inselfuchs.de\/wp-content\/uploads\/2024\/02\/inselfuchs_upper@1x-300x213.jpg 300w, https:\/\/inselfuchs.de\/wp-content\/uploads\/2024\/02\/inselfuchs_upper@1x-1024x727.jpg 1024w, https:\/\/inselfuchs.de\/wp-content\/uploads\/2024\/02\/inselfuchs_upper@1x-768x545.jpg 768w, https:\/\/inselfuchs.de\/wp-content\/uploads\/2024\/02\/inselfuchs_upper@1x-1536x1091.jpg 1536w\" sizes=\"auto, (max-width: 1918px) 100vw, 1918px\" \/><\/figure>\n<\/div>\n\n\n\n<div class=\"wp-block-group alignfull relative frontpage_lower has-global-padding is-layout-constrained wp-block-group-is-layout-constrained\">\n<div class=\"wp-block-group off_absolute -top-20 max-w-screen-md-plus-important has-global-padding is-layout-constrained wp-container-core-group-is-layout-b13d32f8 wp-block-group-is-layout-constrained\" style=\"padding-right:var(--wp--preset--spacing--10);padding-left:var(--wp--preset--spacing--10)\">\n<div style=\"height:200px\" aria-hidden=\"true\" class=\"wp-block-spacer\"><\/div>\n\n\n\n<h2 class=\"wp-block-heading has-text-align-center has-base-2-color has-text-color has-link-color wp-elements-ec9bd1ba9347acf1dde77109bbe1b88c\">Die App aus Spiel und Kinderkurzfilm erschafft einen einmaligen medien\u00fcbergreifenden Spielekosmos.<\/h2>\n\n\n\n<div style=\"height:64px\" aria-hidden=\"true\" class=\"wp-block-spacer\"><\/div>\n\n\n\n<p class=\"has-text-align-center has-base-2-color has-text-color has-link-color wp-elements-ead5e4bc7e3e211df5a9c3a1b03f90aa\">Ohne Levels, Belohnungen oder Ziele, die in einer bestimmten Zeit erledigt werden m\u00fcssen, k\u00f6nnen Kinder sich im freien Spiel voll und ganz auf das Entdecken konzentrieren und zudem mittels der App in musischen und zeichnerischen Spielwiesen ausprobieren.<\/p>\n\n\n\n<p class=\"has-text-align-center has-base-2-color has-text-color has-link-color wp-elements-88d8e32b1c888e08adea5ecc978f1dd5\">Die App basiert auf der Geschichte eines Fuchses, welcher auf der Suche nach Essbarem recht erfolglos durch den Wald streift, denn die Beutetiere wissen sich zu wehren. Erst als der Fuchs selbst in eine Falle tappt und zudem noch zum Gejagten wird, schmiedet er einen fuchschlauen Plan und das Blatt wendet sich, zumindest an diesem Tag.<\/p>\n\n\n\n<div style=\"height:64px\" aria-hidden=\"true\" class=\"wp-block-spacer\"><\/div>\n<\/div>\n\n\n\n<figure class=\"wp-block-image alignfull size-large hidden\"><img loading=\"lazy\" decoding=\"async\" width=\"1024\" height=\"715\" src=\"https:\/\/inselfuchs.de\/wp-content\/uploads\/2024\/02\/inselfuchs_lower@1x-1024x715.png\" alt=\"\" class=\"wp-image-35\" srcset=\"https:\/\/inselfuchs.de\/wp-content\/uploads\/2024\/02\/inselfuchs_lower@1x-1024x715.png 1024w, https:\/\/inselfuchs.de\/wp-content\/uploads\/2024\/02\/inselfuchs_lower@1x-300x209.png 300w, https:\/\/inselfuchs.de\/wp-content\/uploads\/2024\/02\/inselfuchs_lower@1x-768x536.png 768w, https:\/\/inselfuchs.de\/wp-content\/uploads\/2024\/02\/inselfuchs_lower@1x-1536x1072.png 1536w, https:\/\/inselfuchs.de\/wp-content\/uploads\/2024\/02\/inselfuchs_lower@1x.png 1920w\" sizes=\"auto, (max-width: 1024px) 100vw, 1024px\" \/><\/figure>\n<\/div>\n","protected":false},"excerpt":{"rendered":"<p>Die App aus Spiel und Kinderkurzfilm erschafft einen einmaligen medien\u00fcbergreifenden Spielekosmos. Ohne Levels, Belohnungen oder Ziele, die in einer bestimmten Zeit erledigt werden m\u00fcssen, k\u00f6nnen Kinder sich im freien Spiel voll und ganz auf das Entdecken konzentrieren und zudem mittels der App in musischen und zeichnerischen Spielwiesen ausprobieren. Die App basiert auf der Geschichte eines [&hellip;]<\/p>\n","protected":false},"author":1,"featured_media":0,"parent":0,"menu_order":0,"comment_status":"closed","ping_status":"closed","template":"","meta":{"_uag_custom_page_level_css":"","footnotes":""},"class_list":["post-8","page","type-page","status-publish","hentry"],"acf":[],"uagb_featured_image_src":{"full":false,"thumbnail":false,"medium":false,"medium_large":false,"large":false,"1536x1536":false,"2048x2048":false},"uagb_author_info":{"display_name":"admin","author_link":"https:\/\/inselfuchs.de\/index.php\/author\/walterprecht\/"},"uagb_comment_info":0,"uagb_excerpt":"Die App aus Spiel und Kinderkurzfilm erschafft einen einmaligen medien\u00fcbergreifenden Spielekosmos. Ohne Levels, Belohnungen oder Ziele, die in einer bestimmten Zeit erledigt werden m\u00fcssen, k\u00f6nnen Kinder sich im freien Spiel voll und ganz auf das Entdecken konzentrieren und zudem mittels der App in musischen und zeichnerischen Spielwiesen ausprobieren. Die App basiert auf der Geschichte eines&hellip;","_links":{"self":[{"href":"https:\/\/inselfuchs.de\/index.php\/wp-json\/wp\/v2\/pages\/8","targetHints":{"allow":["GET"]}}],"collection":[{"href":"https:\/\/inselfuchs.de\/index.php\/wp-json\/wp\/v2\/pages"}],"about":[{"href":"https:\/\/inselfuchs.de\/index.php\/wp-json\/wp\/v2\/types\/page"}],"author":[{"embeddable":true,"href":"https:\/\/inselfuchs.de\/index.php\/wp-json\/wp\/v2\/users\/1"}],"replies":[{"embeddable":true,"href":"https:\/\/inselfuchs.de\/index.php\/wp-json\/wp\/v2\/comments?post=8"}],"version-history":[{"count":103,"href":"https:\/\/inselfuchs.de\/index.php\/wp-json\/wp\/v2\/pages\/8\/revisions"}],"predecessor-version":[{"id":256,"href":"https:\/\/inselfuchs.de\/index.php\/wp-json\/wp\/v2\/pages\/8\/revisions\/256"}],"wp:attachment":[{"href":"https:\/\/inselfuchs.de\/index.php\/wp-json\/wp\/v2\/media?parent=8"}],"curies":[{"name":"wp","href":"https:\/\/api.w.org\/{rel}","templated":true}]}}